{"id":10,"date":"2023-02-04T12:57:46","date_gmt":"2023-02-04T12:57:46","guid":{"rendered":"https:\/\/folienliner.de\/?page_id=10"},"modified":"2023-02-04T12:57:46","modified_gmt":"2023-02-04T12:57:46","slug":"ueber-uns","status":"publish","type":"page","link":"https:\/\/folienliner.de\/?page_id=10","title":{"rendered":"\u00dcber uns"},"content":{"rendered":"\n<p>M\u00f6glicherweise bist du k\u00fcnstlerisch t\u00e4tig und m\u00f6chtest dich und deine Arbeiten hier vorstellen. Oder hast du vielleicht ein Business mit einer Mission, die es zu beschreiben gilt?<\/p>\n","protected":false},"excerpt":{"rendered":"<p>M\u00f6glicherweise bist du k\u00fcnstlerisch t\u00e4tig und m\u00f6chtest dich und deine Arbeiten hier vorstellen. Oder hast du vielleicht ein Business mit einer Mission, die es zu beschreiben gilt?<\/p>\n","protected":false},"author":1,"featured_media":7,"parent":0,"menu_order":0,"comment_status":"closed","ping_status":"closed","template":"","meta":{"footnotes":""},"class_list":["post-10","page","type-page","status-publish","has-post-thumbnail","hentry"],"yoast_head":"<!-- This site is optimized with the Yoast SEO plugin v24.4 - https:\/\/yoast.com\/wordpress\/plugins\/seo\/ -->\n<title>\u00dcber uns - Folienliner f\u00fcr die Clesana C1<\/title>\n<meta name=\"robots\" content=\"index, follow, max-snippet:-1, max-image-preview:large, max-video-preview:-1\" \/>\n<link rel=\"canonical\" href=\"https:\/\/folienliner.de\/?page_id=10\" \/>\n<meta property=\"og:locale\" content=\"de_DE\" \/>\n<meta property=\"og:type\" content=\"article\" \/>\n<meta property=\"og:title\" content=\"\u00dcber uns - Folienliner f\u00fcr die Clesana C1\" \/>\n<meta property=\"og:description\" content=\"M\u00f6glicherweise bist du k\u00fcnstlerisch t\u00e4tig und m\u00f6chtest dich und deine Arbeiten hier vorstellen. Oder hast du vielleicht ein Business mit einer Mission, die es zu beschreiben gilt?\" \/>\n<meta property=\"og:url\" content=\"https:\/\/folienliner.de\/?page_id=10\" \/>\n<meta property=\"og:site_name\" content=\"Folienliner f\u00fcr die Clesana C1\" \/>\n<meta property=\"og:image\" content=\"https:\/\/folienliner.de\/wp-content\/uploads\/2023\/02\/sandwich.jpg\" \/>\n\t<meta property=\"og:image:width\" content=\"2000\" \/>\n\t<meta property=\"og:image:height\" content=\"1200\" \/>\n\t<meta property=\"og:image:type\" content=\"image\/jpeg\" \/>\n<meta name=\"twitter:card\" content=\"summary_large_image\" \/>\n<script type=\"application\/ld+json\" class=\"yoast-schema-graph\">{\"@context\":\"https:\/\/schema.org\",\"@graph\":[{\"@type\":\"WebPage\",\"@id\":\"https:\/\/folienliner.de\/?page_id=10\",\"url\":\"https:\/\/folienliner.de\/?page_id=10\",\"name\":\"\u00dcber uns - Folienliner f\u00fcr die Clesana C1\",\"isPartOf\":{\"@id\":\"https:\/\/folienliner.de\/#website\"},\"primaryImageOfPage\":{\"@id\":\"https:\/\/folienliner.de\/?page_id=10#primaryimage\"},\"image\":{\"@id\":\"https:\/\/folienliner.de\/?page_id=10#primaryimage\"},\"thumbnailUrl\":\"https:\/\/folienliner.de\/wp-content\/uploads\/2023\/02\/sandwich.jpg\",\"datePublished\":\"2023-02-04T12:57:46+00:00\",\"breadcrumb\":{\"@id\":\"https:\/\/folienliner.de\/?page_id=10#breadcrumb\"},\"inLanguage\":\"de\",\"potentialAction\":[{\"@type\":\"ReadAction\",\"target\":[\"https:\/\/folienliner.de\/?page_id=10\"]}]},{\"@type\":\"ImageObject\",\"inLanguage\":\"de\",\"@id\":\"https:\/\/folienliner.de\/?page_id=10#primaryimage\",\"url\":\"https:\/\/folienliner.de\/wp-content\/uploads\/2023\/02\/sandwich.jpg\",\"contentUrl\":\"https:\/\/folienliner.de\/wp-content\/uploads\/2023\/02\/sandwich.jpg\",\"width\":2000,\"height\":1200},{\"@type\":\"BreadcrumbList\",\"@id\":\"https:\/\/folienliner.de\/?page_id=10#breadcrumb\",\"itemListElement\":[{\"@type\":\"ListItem\",\"position\":1,\"name\":\"Startseite\",\"item\":\"https:\/\/folienliner.de\/\"},{\"@type\":\"ListItem\",\"position\":2,\"name\":\"\u00dcber uns\"}]},{\"@type\":\"WebSite\",\"@id\":\"https:\/\/folienliner.de\/#website\",\"url\":\"https:\/\/folienliner.de\/\",\"name\":\"Folienliner f\u00fcr die Clesana C1\",\"description\":\"auf clesana.shop\",\"potentialAction\":[{\"@type\":\"SearchAction\",\"target\":{\"@type\":\"EntryPoint\",\"urlTemplate\":\"https:\/\/folienliner.de\/?s={search_term_string}\"},\"query-input\":{\"@type\":\"PropertyValueSpecification\",\"valueRequired\":true,\"valueName\":\"search_term_string\"}}],\"inLanguage\":\"de\"}]}<\/script>\n<!-- \/ Yoast SEO plugin. -->","yoast_head_json":{"title":"\u00dcber uns - Folienliner f\u00fcr die Clesana C1","robots":{"index":"index","follow":"follow","max-snippet":"max-snippet:-1","max-image-preview":"max-image-preview:large","max-video-preview":"max-video-preview:-1"},"canonical":"https:\/\/folienliner.de\/?page_id=10","og_locale":"de_DE","og_type":"article","og_title":"\u00dcber uns - Folienliner f\u00fcr die Clesana C1","og_description":"M\u00f6glicherweise bist du k\u00fcnstlerisch t\u00e4tig und m\u00f6chtest dich und deine Arbeiten hier vorstellen. Oder hast du vielleicht ein Business mit einer Mission, die es zu beschreiben gilt?","og_url":"https:\/\/folienliner.de\/?page_id=10","og_site_name":"Folienliner f\u00fcr die Clesana C1","og_image":[{"width":2000,"height":1200,"url":"https:\/\/folienliner.de\/wp-content\/uploads\/2023\/02\/sandwich.jpg","type":"image\/jpeg"}],"twitter_card":"summary_large_image","schema":{"@context":"https:\/\/schema.org","@graph":[{"@type":"WebPage","@id":"https:\/\/folienliner.de\/?page_id=10","url":"https:\/\/folienliner.de\/?page_id=10","name":"\u00dcber uns - Folienliner f\u00fcr die Clesana C1","isPartOf":{"@id":"https:\/\/folienliner.de\/#website"},"primaryImageOfPage":{"@id":"https:\/\/folienliner.de\/?page_id=10#primaryimage"},"image":{"@id":"https:\/\/folienliner.de\/?page_id=10#primaryimage"},"thumbnailUrl":"https:\/\/folienliner.de\/wp-content\/uploads\/2023\/02\/sandwich.jpg","datePublished":"2023-02-04T12:57:46+00:00","breadcrumb":{"@id":"https:\/\/folienliner.de\/?page_id=10#breadcrumb"},"inLanguage":"de","potentialAction":[{"@type":"ReadAction","target":["https:\/\/folienliner.de\/?page_id=10"]}]},{"@type":"ImageObject","inLanguage":"de","@id":"https:\/\/folienliner.de\/?page_id=10#primaryimage","url":"https:\/\/folienliner.de\/wp-content\/uploads\/2023\/02\/sandwich.jpg","contentUrl":"https:\/\/folienliner.de\/wp-content\/uploads\/2023\/02\/sandwich.jpg","width":2000,"height":1200},{"@type":"BreadcrumbList","@id":"https:\/\/folienliner.de\/?page_id=10#breadcrumb","itemListElement":[{"@type":"ListItem","position":1,"name":"Startseite","item":"https:\/\/folienliner.de\/"},{"@type":"ListItem","position":2,"name":"\u00dcber uns"}]},{"@type":"WebSite","@id":"https:\/\/folienliner.de\/#website","url":"https:\/\/folienliner.de\/","name":"Folienliner f\u00fcr die Clesana C1","description":"auf clesana.shop","potentialAction":[{"@type":"SearchAction","target":{"@type":"EntryPoint","urlTemplate":"https:\/\/folienliner.de\/?s={search_term_string}"},"query-input":{"@type":"PropertyValueSpecification","valueRequired":true,"valueName":"search_term_string"}}],"inLanguage":"de"}]}},"_links":{"self":[{"href":"https:\/\/folienliner.de\/index.php?rest_route=\/wp\/v2\/pages\/10","targetHints":{"allow":["GET"]}}],"collection":[{"href":"https:\/\/folienliner.de\/index.php?rest_route=\/wp\/v2\/pages"}],"about":[{"href":"https:\/\/folienliner.de\/index.php?rest_route=\/wp\/v2\/types\/page"}],"author":[{"embeddable":true,"href":"https:\/\/folienliner.de\/index.php?rest_route=\/wp\/v2\/users\/1"}],"replies":[{"embeddable":true,"href":"https:\/\/folienliner.de\/index.php?rest_route=%2Fwp%2Fv2%2Fcomments&post=10"}],"version-history":[{"count":1,"href":"https:\/\/folienliner.de\/index.php?rest_route=\/wp\/v2\/pages\/10\/revisions"}],"predecessor-version":[{"id":18,"href":"https:\/\/folienliner.de\/index.php?rest_route=\/wp\/v2\/pages\/10\/revisions\/18"}],"wp:featuredmedia":[{"embeddable":true,"href":"https:\/\/folienliner.de\/index.php?rest_route=\/wp\/v2\/media\/7"}],"wp:attachment":[{"href":"https:\/\/folienliner.de\/index.php?rest_route=%2Fwp%2Fv2%2Fmedia&parent=10"}],"curies":[{"name":"wp","href":"https:\/\/api.w.org\/{rel}","templated":true}]}}